{"id":1074,"date":"2017-04-27T09:46:57","date_gmt":"2017-04-27T07:46:57","guid":{"rendered":"http:\/\/schrothweber.de\/das-team\/"},"modified":"2020-08-23T18:50:14","modified_gmt":"2020-08-23T16:50:14","slug":"das-team","status":"publish","type":"page","link":"https:\/\/schrothpower.de\/en\/das-team\/","title":{"rendered":"Team"},"content":{"rendered":"<p>As a team we are unique. We combine physical power and experience as a top athlete&nbsp;(<a href=\"\/?page_id=32\">Markus Schroth<\/a>) together with many years experience as mind coach and sport coach (<a href=\"\/?page_id=34\">Petra Schroth, formerly Petra Weber<\/a>).<\/p>\n<p>&nbsp;<\/p>\nngg_shortcode_0_placeholder\n","protected":false},"excerpt":{"rendered":"<p>As a team we are unique. We combine physical power and experience as a top athlete&nbsp;(Markus Schroth) together with many years experience as mind coach and sport coach (Petra Schroth, formerly Petra Weber). &nbsp; &#8221; order_by=&#8221;sortorder&#8221; order_direction=&#8221;ASC&#8221; returns=&#8221;included&#8221; maximum_entity_count=&#8221;500&#8243;]<\/p>\n","protected":false},"author":4,"featured_media":0,"parent":0,"menu_order":0,"comment_status":"closed","ping_status":"closed","template":"","meta":{"ngg_post_thumbnail":0,"footnotes":""},"class_list":["post-1074","page","type-page","status-publish","hentry"],"yoast_head":"<!-- This site is optimized with the Yoast SEO plugin v26.2 - https:\/\/yoast.com\/wordpress\/plugins\/seo\/ -->\n<title>Team - Markus Schroth &amp; Petra Schroth Coaching Consulting<\/title>\n<meta name=\"description\" content=\"Wir vereinen pers\u00f6nliche physische St\u00e4rke und erlebten Spitzensport mit Erfahrung im Coaching und der Energiearbeit f\u00fcr Spitzensportler und F\u00fchrungskr\u00e4fte.\" \/>\n<meta name=\"robots\" content=\"index, follow, max-snippet:-1, max-image-preview:large, max-video-preview:-1\" \/>\n<link rel=\"canonical\" href=\"https:\/\/schrothpower.de\/en\/das-team\/\" \/>\n<meta property=\"og:locale\" content=\"en_US\" \/>\n<meta property=\"og:type\" content=\"article\" \/>\n<meta property=\"og:title\" content=\"Team - Markus Schroth &amp; Petra Schroth Coaching Consulting\" \/>\n<meta property=\"og:description\" content=\"Wir vereinen pers\u00f6nliche physische St\u00e4rke und erlebten Spitzensport mit Erfahrung im Coaching und der Energiearbeit f\u00fcr Spitzensportler und F\u00fchrungskr\u00e4fte.\" \/>\n<meta property=\"og:url\" content=\"https:\/\/schrothpower.de\/en\/das-team\/\" \/>\n<meta property=\"og:site_name\" content=\"Markus Schroth &amp; Petra Schroth\" \/>\n<meta property=\"article:modified_time\" content=\"2020-08-23T16:50:14+00:00\" \/>\n<meta name=\"twitter:card\" content=\"summary_large_image\" \/>\n<script type=\"application\/ld+json\" class=\"yoast-schema-graph\">{\"@context\":\"https:\/\/schema.org\",\"@graph\":[{\"@type\":\"WebPage\",\"@id\":\"https:\/\/schrothpower.de\/en\/das-team\/\",\"url\":\"https:\/\/schrothpower.de\/en\/das-team\/\",\"name\":\"Team - Markus Schroth &amp; Petra Schroth Coaching Consulting\",\"isPartOf\":{\"@id\":\"https:\/\/schrothpower.de\/en\/#website\"},\"datePublished\":\"2017-04-27T07:46:57+00:00\",\"dateModified\":\"2020-08-23T16:50:14+00:00\",\"description\":\"Wir vereinen pers\u00f6nliche physische St\u00e4rke und erlebten Spitzensport mit Erfahrung im Coaching und der Energiearbeit f\u00fcr Spitzensportler und F\u00fchrungskr\u00e4fte.\",\"breadcrumb\":{\"@id\":\"https:\/\/schrothpower.de\/en\/das-team\/#breadcrumb\"},\"inLanguage\":\"en-US\",\"potentialAction\":[{\"@type\":\"ReadAction\",\"target\":[\"https:\/\/schrothpower.de\/en\/das-team\/\"]}]},{\"@type\":\"BreadcrumbList\",\"@id\":\"https:\/\/schrothpower.de\/en\/das-team\/#breadcrumb\",\"itemListElement\":[{\"@type\":\"ListItem\",\"position\":1,\"name\":\"Startseite\",\"item\":\"https:\/\/schrothpower.de\/en\/\"},{\"@type\":\"ListItem\",\"position\":2,\"name\":\"Team\"}]},{\"@type\":\"WebSite\",\"@id\":\"https:\/\/schrothpower.de\/en\/#website\",\"url\":\"https:\/\/schrothpower.de\/en\/\",\"name\":\"Markus Schroth &amp; Petra Schroth\",\"description\":\"SCHROTHPOWER\",\"publisher\":{\"@id\":\"https:\/\/schrothpower.de\/en\/#organization\"},\"potentialAction\":[{\"@type\":\"SearchAction\",\"target\":{\"@type\":\"EntryPoint\",\"urlTemplate\":\"https:\/\/schrothpower.de\/en\/?s={search_term_string}\"},\"query-input\":{\"@type\":\"PropertyValueSpecification\",\"valueRequired\":true,\"valueName\":\"search_term_string\"}}],\"inLanguage\":\"en-US\"},{\"@type\":\"Organization\",\"@id\":\"https:\/\/schrothpower.de\/en\/#organization\",\"name\":\"Markus Schroth & Petra Weber Coaching Consulting\",\"url\":\"https:\/\/schrothpower.de\/en\/\",\"logo\":{\"@type\":\"ImageObject\",\"inLanguage\":\"en-US\",\"@id\":\"https:\/\/schrothpower.de\/en\/#\/schema\/logo\/image\/\",\"url\":\"https:\/\/schrothpower.de\/wp-content\/uploads\/2019\/10\/Favicon-Webseite.jpg\",\"contentUrl\":\"https:\/\/schrothpower.de\/wp-content\/uploads\/2019\/10\/Favicon-Webseite.jpg\",\"width\":1194,\"height\":1194,\"caption\":\"Markus Schroth & Petra Weber Coaching Consulting\"},\"image\":{\"@id\":\"https:\/\/schrothpower.de\/en\/#\/schema\/logo\/image\/\"}}]}<\/script>\n<!-- \/ Yoast SEO plugin. -->","yoast_head_json":{"title":"Team - Markus Schroth &amp; Petra Schroth Coaching Consulting","description":"Wir vereinen pers\u00f6nliche physische St\u00e4rke und erlebten Spitzensport mit Erfahrung im Coaching und der Energiearbeit f\u00fcr Spitzensportler und F\u00fchrungskr\u00e4fte.","robots":{"index":"index","follow":"follow","max-snippet":"max-snippet:-1","max-image-preview":"max-image-preview:large","max-video-preview":"max-video-preview:-1"},"canonical":"https:\/\/schrothpower.de\/en\/das-team\/","og_locale":"en_US","og_type":"article","og_title":"Team - Markus Schroth &amp; Petra Schroth Coaching Consulting","og_description":"Wir vereinen pers\u00f6nliche physische St\u00e4rke und erlebten Spitzensport mit Erfahrung im Coaching und der Energiearbeit f\u00fcr Spitzensportler und F\u00fchrungskr\u00e4fte.","og_url":"https:\/\/schrothpower.de\/en\/das-team\/","og_site_name":"Markus Schroth &amp; Petra Schroth","article_modified_time":"2020-08-23T16:50:14+00:00","twitter_card":"summary_large_image","schema":{"@context":"https:\/\/schema.org","@graph":[{"@type":"WebPage","@id":"https:\/\/schrothpower.de\/en\/das-team\/","url":"https:\/\/schrothpower.de\/en\/das-team\/","name":"Team - Markus Schroth &amp; Petra Schroth Coaching Consulting","isPartOf":{"@id":"https:\/\/schrothpower.de\/en\/#website"},"datePublished":"2017-04-27T07:46:57+00:00","dateModified":"2020-08-23T16:50:14+00:00","description":"Wir vereinen pers\u00f6nliche physische St\u00e4rke und erlebten Spitzensport mit Erfahrung im Coaching und der Energiearbeit f\u00fcr Spitzensportler und F\u00fchrungskr\u00e4fte.","breadcrumb":{"@id":"https:\/\/schrothpower.de\/en\/das-team\/#breadcrumb"},"inLanguage":"en-US","potentialAction":[{"@type":"ReadAction","target":["https:\/\/schrothpower.de\/en\/das-team\/"]}]},{"@type":"BreadcrumbList","@id":"https:\/\/schrothpower.de\/en\/das-team\/#breadcrumb","itemListElement":[{"@type":"ListItem","position":1,"name":"Startseite","item":"https:\/\/schrothpower.de\/en\/"},{"@type":"ListItem","position":2,"name":"Team"}]},{"@type":"WebSite","@id":"https:\/\/schrothpower.de\/en\/#website","url":"https:\/\/schrothpower.de\/en\/","name":"Markus Schroth &amp; Petra Schroth","description":"SCHROTHPOWER","publisher":{"@id":"https:\/\/schrothpower.de\/en\/#organization"},"potentialAction":[{"@type":"SearchAction","target":{"@type":"EntryPoint","urlTemplate":"https:\/\/schrothpower.de\/en\/?s={search_term_string}"},"query-input":{"@type":"PropertyValueSpecification","valueRequired":true,"valueName":"search_term_string"}}],"inLanguage":"en-US"},{"@type":"Organization","@id":"https:\/\/schrothpower.de\/en\/#organization","name":"Markus Schroth & Petra Weber Coaching Consulting","url":"https:\/\/schrothpower.de\/en\/","logo":{"@type":"ImageObject","inLanguage":"en-US","@id":"https:\/\/schrothpower.de\/en\/#\/schema\/logo\/image\/","url":"https:\/\/schrothpower.de\/wp-content\/uploads\/2019\/10\/Favicon-Webseite.jpg","contentUrl":"https:\/\/schrothpower.de\/wp-content\/uploads\/2019\/10\/Favicon-Webseite.jpg","width":1194,"height":1194,"caption":"Markus Schroth & Petra Weber Coaching Consulting"},"image":{"@id":"https:\/\/schrothpower.de\/en\/#\/schema\/logo\/image\/"}}]}},"_links":{"self":[{"href":"https:\/\/schrothpower.de\/en\/wp-json\/wp\/v2\/pages\/1074","targetHints":{"allow":["GET"]}}],"collection":[{"href":"https:\/\/schrothpower.de\/en\/wp-json\/wp\/v2\/pages"}],"about":[{"href":"https:\/\/schrothpower.de\/en\/wp-json\/wp\/v2\/types\/page"}],"author":[{"embeddable":true,"href":"https:\/\/schrothpower.de\/en\/wp-json\/wp\/v2\/users\/4"}],"replies":[{"embeddable":true,"href":"https:\/\/schrothpower.de\/en\/wp-json\/wp\/v2\/comments?post=1074"}],"version-history":[{"count":4,"href":"https:\/\/schrothpower.de\/en\/wp-json\/wp\/v2\/pages\/1074\/revisions"}],"predecessor-version":[{"id":2855,"href":"https:\/\/schrothpower.de\/en\/wp-json\/wp\/v2\/pages\/1074\/revisions\/2855"}],"wp:attachment":[{"href":"https:\/\/schrothpower.de\/en\/wp-json\/wp\/v2\/media?parent=1074"}],"curies":[{"name":"wp","href":"https:\/\/api.w.org\/{rel}","templated":true}]}}