{"id":1668,"date":"2018-06-01T18:25:56","date_gmt":"2018-06-01T16:25:56","guid":{"rendered":"http:\/\/schrothweber.de\/?page_id=1668"},"modified":"2022-07-20T20:04:19","modified_gmt":"2022-07-20T18:04:19","slug":"press-releases","status":"publish","type":"page","link":"https:\/\/schrothpower.de\/en\/press-releases\/","title":{"rendered":"Press Releases"},"content":{"rendered":"<p><a href=\"https:\/\/schrothpower.de\/wp-content\/uploads\/2022\/07\/2022-Bayerische-Laufzeitung.pdf\">Schrothpower Ultratrail &#8220;Love is the Winner&#8221; Mont Blanc \u00a9 Bayrische Laufzeitung 2022<\/a><\/p>\n<p><a href=\"https:\/\/schrothpower.de\/wp-content\/uploads\/2021\/07\/20210705_HeldendesLaufsports.at_.pdf\">&#8220;Keine Lust auf Fu\u00dfball-EM, aber auf neue Abenteuer&#8221;(05.07.2021) \u00a9 heldendeslaufsports.at<\/a><\/p>\n<p><a href=\"https:\/\/schrothpower.de\/wp-content\/uploads\/2021\/07\/20210528-Nuernberger-Zeitung-Print.pdf\">&#8220;Vom Sportinvaliden zum Gipfelst\u00fcrmer&#8221; (28.05.2021) \u00a9 &nbsp;N\u00fcrnberger Zeitung<\/a><\/p>\n<p><a href=\"https:\/\/schrothpower.de\/wp-content\/uploads\/2021\/05\/20210501-Nordbayern.de-Pokalheld-Schroth-Vom-FCN-Angreifer-zum-Gipfelstuermer.pdf\">&#8220;Pokalheld Schroth: Vom FCN Angreifer zum Gipfelst\u00fcrmer&#8221; (01.05.2021) \u00a9 nordbayern.de<\/a><\/p>\n<p><a href=\"https:\/\/schrothpower.de\/wp-content\/uploads\/2021\/04\/20210424-Interview-Transfermarkt.de_.pdf\">&#8220;Ex-St\u00fcrmer Schroth im Interview: &#8220;Hans Meyer war nicht bundesligatauglich&#8221; (24.04.2021) \u00a9 Transfermarkt.de<\/a><\/p>\n<p><a href=\"https:\/\/schrothpower.de\/wp-content\/uploads\/2021\/01\/20201205PassauerNeuePresse.pdf\">&#8220;Vom Pokalhelden zum Extreml\u00e4ufer&#8221; (05.12.2020) \u00a9 Passauer Neue Presse<\/a><\/p>\n<p><a href=\"http:\/\/schrothpower.de\/wp-content\/uploads\/2020\/12\/20201121-31Stundenbergaufbergab.pdf\">&#8220;31 Stunden bergauf &#8211; bergab&#8221; (21.11.2020) \u00a9 M\u00fcnchner Merkur<\/a><\/p>\n<p><a href=\"http:\/\/schrothpower.de\/wp-content\/uploads\/2020\/11\/20201117-Bayerische-Laufzeitung.pdf\">&#8220;Wenn der Fu\u00dfballer bergauf und bergab l\u00e4uft \u2013 Markus Schroth`s Ultratrail im Bayerischen Fernsehen&#8221; &#8211; Bayrische Laufzeitung (17.11.2020) \u00a9 Bayrische Laufzeitung<\/a><\/p>\n<p><a href=\"http:\/\/schrothpower.de\/wp-content\/uploads\/2020\/11\/20201101-Bayerische-Laufzeitung-1.pdf\">&#8220;Markus Schroth auf seinem Single Trail &#8220;Ich bin die Kraft&#8221;&#8221; &#8211; Bayrische Laufzeitung (01.11.2020) \u00a9 Bayrische Laufzeitung<\/a><\/p>\n<p><a href=\"http:\/\/schrothpower.de\/wp-content\/uploads\/2020\/09\/20200928-Heldendeslaufsports.at_.pdf\">Interview with&nbsp; Helden des Laufsports (28.09.2020) \u00a9 heldendeslaufsports.at<\/a><\/p>\n<p><a href=\"http:\/\/schrothpower.de\/wp-content\/uploads\/2020\/08\/20200822-Merkur-KarwendelSolo.pdf\">&#8220;Markus Schroths gr\u00f6\u00dftes Solo&#8221; (22.08.2020) \u00a9 M\u00fcnchner Merkur<\/a><\/p>\n<p><a href=\"http:\/\/schrothweber.de\/wp-content\/uploads\/2019\/08\/20190817-Heldendeslaufsports.at_.pdf\">Interview with Helden des Laufsports (16.08.2019) \u00a9 heldendeslaufsports.at<\/a><\/p>\n<p><a href=\"http:\/\/schrothweber.de\/wp-content\/uploads\/2018\/10\/20180914-Running-Laufmagazin.pdf\">&#8220;Vom Profi-Fussballer zum Ultral\u00e4ufer&#8221; &#8211; Article from Running Magazin September\/Oktober 2018<\/a>&nbsp;\u00a9 Running<\/p>\n<p><a href=\"http:\/\/schrothweber.de\/wp-content\/uploads\/2018\/09\/20180901-L\u00e4uft-Magazin-SeptOkt-2018.pdf\">&#8220;Pokalheld und Gipfelst\u00fcrmer&#8221; &#8211; Article from L\u00e4uft Magazin of&nbsp;Laufen.de Edition Sept\/Okt 2018<\/a>&nbsp;\u00a9 L\u00e4uft Magazin<\/p>\n<p><a href=\"http:\/\/schrothweber.de\/wp-content\/uploads\/2018\/08\/20180721-Mittelbayrische-Zeitung-PrintOnline.pdf\">\u201eExtreme L\u00e4ufe statt Torejagd\u201c \u2013 Article from Mittelbayrischen Zeitung (21.07.2018)<\/a>&nbsp;\u00a9 Mittelbayrische Zeitung<\/p>\n<p><a href=\"http:\/\/schrothweber.de\/wp-content\/uploads\/2018\/06\/20180716-Runners-World-Ein-Lauf-mit-Markus-Schroth.pdf\">&#8220;Ein Lauf mit Markus Schroth&#8221; &#8211; Article from Runners World (07\/2018) <\/a><br \/>\n\u00a9 Runners World&nbsp;<\/p>\n<p><a href=\"http:\/\/schrothweber.de\/wp-content\/uploads\/2018\/06\/20180522-Bayrische-Laufzeitung.pdf\">&#8220;Der 1. FC N\u00fcrnberg spielt wieder Bundesliga &#8211; und Markus Schroth ist in der Champions League im Trailrunning angekommen&#8221; Article from Bayrische Laufzeitung (22.05.2018)<\/a>&nbsp;\u00a9 Bayrische Laufzeitung<\/p>\n<p><a href=\"http:\/\/schrothweber.de\/wp-content\/uploads\/2018\/06\/20180305-Donaukurier.pdf\">&#8220;Vom Fu\u00dfballer zum Traill\u00e4ufer&#8221; &#8211; Article from Donaukurier (05.03.2018)<\/a>&nbsp;\u00a9 Donaukurier<\/p>\n<p><a href=\"http:\/\/schrothweber.de\/wp-content\/uploads\/2017\/09\/Kicker-20170831-und-20170907.pdf\">&#8220;Extreme Erfahrungen f\u00fcr den Kopf&#8221; &#8211; Article from&nbsp;Kicker Sportmagazin (31.08.2017 und 07.09.2017)<\/a>&nbsp;\u00a9 Kicker Sportmagazin<\/p>\n<p><a href=\"http:\/\/schrothweber.de\/wp-content\/uploads\/2017\/07\/M\u00fcnchner-Merkur-20170722.pdf\">&#8220;Vom Fu\u00dfballer zum Extreml\u00e4ufer&#8221; &#8211; &nbsp;Article from M\u00fcnchner Merkur<\/a><br \/>\n(22.07.2017)&nbsp;\u00a9 M\u00fcnchner Merkur<\/p>\n<p><a href=\"http:\/\/schrothweber.de\/wp-content\/uploads\/2017\/05\/NuernbergerZeitung_20170524_27-zugeschnitten.pdf\">&#8220;Schroth will noch immer hoch hinaus&#8221; &#8211; Article from&nbsp;N\u00fcrnberger Zeitung (24.05.2017)<\/a>&nbsp;\u00a9&nbsp;N\u00fcrnberger Zeitung<\/p>\n<p><a href=\"http:\/\/schrothweber.de\/wp-content\/uploads\/2017\/05\/fussball-bild-2017-05-29-32.pdf\">&#8220;Auf dem Gipfel f\u00fchlt man sich erhaben&#8221; &#8211; Article from Fu\u00dfball Bild (29.05.2017)&nbsp;<\/a>\u00a9&nbsp;Fu\u00dfball Bild<\/p>\n<p><a href=\"http:\/\/schrothweber.de\/wp-content\/uploads\/2017\/06\/Mitteldeutsche-Zeitung_20060322.pdf\">&#8220;Mentalcoach macht Smalum stark&#8221; &#8211; Article from Mitteldeutsche Zeitung (22.03.2006) <\/a>&nbsp;\u00a9&nbsp;Mitteldeutsche Zeitung<\/p>\n<p><a href=\"http:\/\/schrothpower.de\/wp-content\/uploads\/2020\/09\/Merkur.de_20090422.pdf\" data-rich-text-format-boundary=\"true\">&#8220;Gr\u00fcbler Smalum: An Lindemann vorbeigelaufen&#8221; &#8211; Article from Merkur.de (22.04.2009)<\/a><br data-rich-text-line-break=\"true\">&nbsp;\u00a9&nbsp;Merkur.de<\/p>\n","protected":false},"excerpt":{"rendered":"<p>Schrothpower Ultratrail &#8220;Love is the Winner&#8221; Mont Blanc \u00a9 Bayrische Laufzeitung 2022 &#8220;Keine Lust auf Fu\u00dfball-EM, aber auf neue Abenteuer&#8221;(05.07.2021) \u00a9 heldendeslaufsports.at &#8220;Vom Sportinvaliden zum Gipfelst\u00fcrmer&#8221; (28.05.2021) \u00a9 &nbsp;N\u00fcrnberger Zeitung &#8220;Pokalheld Schroth: Vom FCN Angreifer zum Gipfelst\u00fcrmer&#8221; (01.05.2021) \u00a9 nordbayern.de &#8220;Ex-St\u00fcrmer Schroth im Interview: &#8220;Hans Meyer war nicht bundesligatauglich&#8221; (24.04.2021) \u00a9 Transfermarkt.de &#8220;Vom Pokalhelden zum &hellip; <\/p>\n<p class=\"link-more\"><a href=\"https:\/\/schrothpower.de\/en\/press-releases\/\" class=\"more-link\">Continue reading<span class=\"screen-reader-text\"> &#8220;Press Releases&#8221;<\/span><\/a><\/p>\n","protected":false},"author":4,"featured_media":1035,"parent":0,"menu_order":0,"comment_status":"closed","ping_status":"closed","template":"","meta":{"ngg_post_thumbnail":0,"footnotes":""},"class_list":["post-1668","page","type-page","status-publish","has-post-thumbnail","hentry"],"yoast_head":"<!-- This site is optimized with the Yoast SEO plugin v26.2 - https:\/\/yoast.com\/wordpress\/plugins\/seo\/ -->\n<title>Press Releases - Markus Schroth &amp; Petra Schroth Coaching Consulting<\/title>\n<meta name=\"robots\" content=\"index, follow, max-snippet:-1, max-image-preview:large, max-video-preview:-1\" \/>\n<link rel=\"canonical\" href=\"https:\/\/schrothpower.de\/en\/press-releases\/\" \/>\n<meta property=\"og:locale\" content=\"en_US\" \/>\n<meta property=\"og:type\" content=\"article\" \/>\n<meta property=\"og:title\" content=\"Press Releases - Markus Schroth &amp; Petra Schroth Coaching Consulting\" \/>\n<meta property=\"og:description\" content=\"Schrothpower Ultratrail &#8220;Love is the Winner&#8221; Mont Blanc \u00a9 Bayrische Laufzeitung 2022 &#8220;Keine Lust auf Fu\u00dfball-EM, aber auf neue Abenteuer&#8221;(05.07.2021) \u00a9 heldendeslaufsports.at &#8220;Vom Sportinvaliden zum Gipfelst\u00fcrmer&#8221; (28.05.2021) \u00a9 &nbsp;N\u00fcrnberger Zeitung &#8220;Pokalheld Schroth: Vom FCN Angreifer zum Gipfelst\u00fcrmer&#8221; (01.05.2021) \u00a9 nordbayern.de &#8220;Ex-St\u00fcrmer Schroth im Interview: &#8220;Hans Meyer war nicht bundesligatauglich&#8221; (24.04.2021) \u00a9 Transfermarkt.de &#8220;Vom Pokalhelden zum &hellip; Continue reading &quot;Press Releases&quot;\" \/>\n<meta property=\"og:url\" content=\"https:\/\/schrothpower.de\/en\/press-releases\/\" \/>\n<meta property=\"og:site_name\" content=\"Markus Schroth &amp; Petra Schroth\" \/>\n<meta property=\"article:modified_time\" content=\"2022-07-20T18:04:19+00:00\" \/>\n<meta property=\"og:image\" content=\"https:\/\/schrothpower.de\/wp-content\/uploads\/2017\/06\/Impressionen07-1-e1498479919353.jpg\" \/>\n\t<meta property=\"og:image:width\" content=\"1280\" \/>\n\t<meta property=\"og:image:height\" content=\"259\" \/>\n\t<meta property=\"og:image:type\" content=\"image\/jpeg\" \/>\n<meta name=\"twitter:card\" content=\"summary_large_image\" \/>\n<meta name=\"twitter:label1\" content=\"Est. reading time\" \/>\n\t<meta name=\"twitter:data1\" content=\"2 minutes\" \/>\n<script type=\"application\/ld+json\" class=\"yoast-schema-graph\">{\"@context\":\"https:\/\/schema.org\",\"@graph\":[{\"@type\":\"WebPage\",\"@id\":\"https:\/\/schrothpower.de\/en\/press-releases\/\",\"url\":\"https:\/\/schrothpower.de\/en\/press-releases\/\",\"name\":\"Press Releases - Markus Schroth &amp; Petra Schroth Coaching Consulting\",\"isPartOf\":{\"@id\":\"https:\/\/schrothpower.de\/en\/#website\"},\"primaryImageOfPage\":{\"@id\":\"https:\/\/schrothpower.de\/en\/press-releases\/#primaryimage\"},\"image\":{\"@id\":\"https:\/\/schrothpower.de\/en\/press-releases\/#primaryimage\"},\"thumbnailUrl\":\"https:\/\/schrothpower.de\/wp-content\/uploads\/2017\/06\/Impressionen07-1-e1498479919353.jpg\",\"datePublished\":\"2018-06-01T16:25:56+00:00\",\"dateModified\":\"2022-07-20T18:04:19+00:00\",\"breadcrumb\":{\"@id\":\"https:\/\/schrothpower.de\/en\/press-releases\/#breadcrumb\"},\"inLanguage\":\"en-US\",\"potentialAction\":[{\"@type\":\"ReadAction\",\"target\":[\"https:\/\/schrothpower.de\/en\/press-releases\/\"]}]},{\"@type\":\"ImageObject\",\"inLanguage\":\"en-US\",\"@id\":\"https:\/\/schrothpower.de\/en\/press-releases\/#primaryimage\",\"url\":\"https:\/\/schrothpower.de\/wp-content\/uploads\/2017\/06\/Impressionen07-1-e1498479919353.jpg\",\"contentUrl\":\"https:\/\/schrothpower.de\/wp-content\/uploads\/2017\/06\/Impressionen07-1-e1498479919353.jpg\",\"width\":1280,\"height\":259},{\"@type\":\"BreadcrumbList\",\"@id\":\"https:\/\/schrothpower.de\/en\/press-releases\/#breadcrumb\",\"itemListElement\":[{\"@type\":\"ListItem\",\"position\":1,\"name\":\"Startseite\",\"item\":\"https:\/\/schrothpower.de\/en\/\"},{\"@type\":\"ListItem\",\"position\":2,\"name\":\"Press Releases\"}]},{\"@type\":\"WebSite\",\"@id\":\"https:\/\/schrothpower.de\/en\/#website\",\"url\":\"https:\/\/schrothpower.de\/en\/\",\"name\":\"Markus Schroth &amp; Petra Schroth\",\"description\":\"SCHROTHPOWER\",\"publisher\":{\"@id\":\"https:\/\/schrothpower.de\/en\/#organization\"},\"potentialAction\":[{\"@type\":\"SearchAction\",\"target\":{\"@type\":\"EntryPoint\",\"urlTemplate\":\"https:\/\/schrothpower.de\/en\/?s={search_term_string}\"},\"query-input\":{\"@type\":\"PropertyValueSpecification\",\"valueRequired\":true,\"valueName\":\"search_term_string\"}}],\"inLanguage\":\"en-US\"},{\"@type\":\"Organization\",\"@id\":\"https:\/\/schrothpower.de\/en\/#organization\",\"name\":\"Markus Schroth & Petra Weber Coaching Consulting\",\"url\":\"https:\/\/schrothpower.de\/en\/\",\"logo\":{\"@type\":\"ImageObject\",\"inLanguage\":\"en-US\",\"@id\":\"https:\/\/schrothpower.de\/en\/#\/schema\/logo\/image\/\",\"url\":\"https:\/\/schrothpower.de\/wp-content\/uploads\/2019\/10\/Favicon-Webseite.jpg\",\"contentUrl\":\"https:\/\/schrothpower.de\/wp-content\/uploads\/2019\/10\/Favicon-Webseite.jpg\",\"width\":1194,\"height\":1194,\"caption\":\"Markus Schroth & Petra Weber Coaching Consulting\"},\"image\":{\"@id\":\"https:\/\/schrothpower.de\/en\/#\/schema\/logo\/image\/\"}}]}<\/script>\n<!-- \/ Yoast SEO plugin. -->","yoast_head_json":{"title":"Press Releases - Markus Schroth &amp; Petra Schroth Coaching Consulting","robots":{"index":"index","follow":"follow","max-snippet":"max-snippet:-1","max-image-preview":"max-image-preview:large","max-video-preview":"max-video-preview:-1"},"canonical":"https:\/\/schrothpower.de\/en\/press-releases\/","og_locale":"en_US","og_type":"article","og_title":"Press Releases - Markus Schroth &amp; Petra Schroth Coaching Consulting","og_description":"Schrothpower Ultratrail &#8220;Love is the Winner&#8221; Mont Blanc \u00a9 Bayrische Laufzeitung 2022 &#8220;Keine Lust auf Fu\u00dfball-EM, aber auf neue Abenteuer&#8221;(05.07.2021) \u00a9 heldendeslaufsports.at &#8220;Vom Sportinvaliden zum Gipfelst\u00fcrmer&#8221; (28.05.2021) \u00a9 &nbsp;N\u00fcrnberger Zeitung &#8220;Pokalheld Schroth: Vom FCN Angreifer zum Gipfelst\u00fcrmer&#8221; (01.05.2021) \u00a9 nordbayern.de &#8220;Ex-St\u00fcrmer Schroth im Interview: &#8220;Hans Meyer war nicht bundesligatauglich&#8221; (24.04.2021) \u00a9 Transfermarkt.de &#8220;Vom Pokalhelden zum &hellip; Continue reading \"Press Releases\"","og_url":"https:\/\/schrothpower.de\/en\/press-releases\/","og_site_name":"Markus Schroth &amp; Petra Schroth","article_modified_time":"2022-07-20T18:04:19+00:00","og_image":[{"width":1280,"height":259,"url":"https:\/\/schrothpower.de\/wp-content\/uploads\/2017\/06\/Impressionen07-1-e1498479919353.jpg","type":"image\/jpeg"}],"twitter_card":"summary_large_image","twitter_misc":{"Est. reading time":"2 minutes"},"schema":{"@context":"https:\/\/schema.org","@graph":[{"@type":"WebPage","@id":"https:\/\/schrothpower.de\/en\/press-releases\/","url":"https:\/\/schrothpower.de\/en\/press-releases\/","name":"Press Releases - Markus Schroth &amp; Petra Schroth Coaching Consulting","isPartOf":{"@id":"https:\/\/schrothpower.de\/en\/#website"},"primaryImageOfPage":{"@id":"https:\/\/schrothpower.de\/en\/press-releases\/#primaryimage"},"image":{"@id":"https:\/\/schrothpower.de\/en\/press-releases\/#primaryimage"},"thumbnailUrl":"https:\/\/schrothpower.de\/wp-content\/uploads\/2017\/06\/Impressionen07-1-e1498479919353.jpg","datePublished":"2018-06-01T16:25:56+00:00","dateModified":"2022-07-20T18:04:19+00:00","breadcrumb":{"@id":"https:\/\/schrothpower.de\/en\/press-releases\/#breadcrumb"},"inLanguage":"en-US","potentialAction":[{"@type":"ReadAction","target":["https:\/\/schrothpower.de\/en\/press-releases\/"]}]},{"@type":"ImageObject","inLanguage":"en-US","@id":"https:\/\/schrothpower.de\/en\/press-releases\/#primaryimage","url":"https:\/\/schrothpower.de\/wp-content\/uploads\/2017\/06\/Impressionen07-1-e1498479919353.jpg","contentUrl":"https:\/\/schrothpower.de\/wp-content\/uploads\/2017\/06\/Impressionen07-1-e1498479919353.jpg","width":1280,"height":259},{"@type":"BreadcrumbList","@id":"https:\/\/schrothpower.de\/en\/press-releases\/#breadcrumb","itemListElement":[{"@type":"ListItem","position":1,"name":"Startseite","item":"https:\/\/schrothpower.de\/en\/"},{"@type":"ListItem","position":2,"name":"Press Releases"}]},{"@type":"WebSite","@id":"https:\/\/schrothpower.de\/en\/#website","url":"https:\/\/schrothpower.de\/en\/","name":"Markus Schroth &amp; Petra Schroth","description":"SCHROTHPOWER","publisher":{"@id":"https:\/\/schrothpower.de\/en\/#organization"},"potentialAction":[{"@type":"SearchAction","target":{"@type":"EntryPoint","urlTemplate":"https:\/\/schrothpower.de\/en\/?s={search_term_string}"},"query-input":{"@type":"PropertyValueSpecification","valueRequired":true,"valueName":"search_term_string"}}],"inLanguage":"en-US"},{"@type":"Organization","@id":"https:\/\/schrothpower.de\/en\/#organization","name":"Markus Schroth & Petra Weber Coaching Consulting","url":"https:\/\/schrothpower.de\/en\/","logo":{"@type":"ImageObject","inLanguage":"en-US","@id":"https:\/\/schrothpower.de\/en\/#\/schema\/logo\/image\/","url":"https:\/\/schrothpower.de\/wp-content\/uploads\/2019\/10\/Favicon-Webseite.jpg","contentUrl":"https:\/\/schrothpower.de\/wp-content\/uploads\/2019\/10\/Favicon-Webseite.jpg","width":1194,"height":1194,"caption":"Markus Schroth & Petra Weber Coaching Consulting"},"image":{"@id":"https:\/\/schrothpower.de\/en\/#\/schema\/logo\/image\/"}}]}},"_links":{"self":[{"href":"https:\/\/schrothpower.de\/en\/wp-json\/wp\/v2\/pages\/1668","targetHints":{"allow":["GET"]}}],"collection":[{"href":"https:\/\/schrothpower.de\/en\/wp-json\/wp\/v2\/pages"}],"about":[{"href":"https:\/\/schrothpower.de\/en\/wp-json\/wp\/v2\/types\/page"}],"author":[{"embeddable":true,"href":"https:\/\/schrothpower.de\/en\/wp-json\/wp\/v2\/users\/4"}],"replies":[{"embeddable":true,"href":"https:\/\/schrothpower.de\/en\/wp-json\/wp\/v2\/comments?post=1668"}],"version-history":[{"count":31,"href":"https:\/\/schrothpower.de\/en\/wp-json\/wp\/v2\/pages\/1668\/revisions"}],"predecessor-version":[{"id":3753,"href":"https:\/\/schrothpower.de\/en\/wp-json\/wp\/v2\/pages\/1668\/revisions\/3753"}],"wp:featuredmedia":[{"embeddable":true,"href":"https:\/\/schrothpower.de\/en\/wp-json\/wp\/v2\/media\/1035"}],"wp:attachment":[{"href":"https:\/\/schrothpower.de\/en\/wp-json\/wp\/v2\/media?parent=1668"}],"curies":[{"name":"wp","href":"https:\/\/api.w.org\/{rel}","templated":true}]}}